{"id":727,"date":"2024-11-16T11:10:40","date_gmt":"2024-11-16T11:10:40","guid":{"rendered":"http:\/\/fundacja-harmonia.pl\/?page_id=727"},"modified":"2025-03-02T11:18:08","modified_gmt":"2025-03-02T11:18:08","slug":"wspieramy","status":"publish","type":"page","link":"http:\/\/fundacja-harmonia.pl\/?page_id=727","title":{"rendered":"wspieramy"},"content":{"rendered":"\t\t<div data-elementor-type=\"wp-page\" data-elementor-id=\"727\" class=\"elementor elementor-727\" data-elementor-settings=\"{&quot;ha_cmc_init_switcher&quot;:&quot;no&quot;}\">\n\t\t\t\t<div class=\"elementor-element elementor-element-c7861fb e-con-full e-flex e-con e-parent\" data-id=\"c7861fb\" data-element_type=\"container\" data-e-type=\"container\" data-settings=\"{&quot;background_background&quot;:&quot;classic&quot;,&quot;_ha_eqh_enable&quot;:false}\">\n\t\t<div class=\"elementor-element elementor-element-10169ae e-con-full e-flex e-con e-child\" data-id=\"10169ae\" data-element_type=\"container\" data-e-type=\"container\" data-settings=\"{&quot;_ha_eqh_enable&quot;:false}\">\n\t\t\t\t<div class=\"elementor-element elementor-element-708bf14 elementor-widget elementor-widget-heading\" data-id=\"708bf14\" data-element_type=\"widget\" data-e-type=\"widget\" data-widget_type=\"heading.default\">\n\t\t\t\t<div class=\"elementor-widget-container\">\n\t\t\t\t\t<h2 class=\"elementor-heading-title elementor-size-default\">FUNDACJA HARMONIA<\/h2>\t\t\t\t<\/div>\n\t\t\t\t<\/div>\n\t\t\t\t<div class=\"elementor-element elementor-element-82df97c elementor-widget elementor-widget-heading\" data-id=\"82df97c\" data-element_type=\"widget\" data-e-type=\"widget\" data-widget_type=\"heading.default\">\n\t\t\t\t<div class=\"elementor-widget-container\">\n\t\t\t\t\t<h2 class=\"elementor-heading-title elementor-size-default\">Sztuka edukuje, inspiruje, \u0142\u0105czy.<\/h2>\t\t\t\t<\/div>\n\t\t\t\t<\/div>\n\t\t\t\t<div class=\"elementor-element elementor-element-beabde9 elementor-widget elementor-widget-heading\" data-id=\"beabde9\" data-element_type=\"widget\" data-e-type=\"widget\" data-widget_type=\"heading.default\">\n\t\t\t\t<div class=\"elementor-widget-container\">\n\t\t\t\t\t<h2 class=\"elementor-heading-title elementor-size-default\">Do\u0142\u0105cz do nas i tw\u00f3rz przysz\u0142o\u015b\u0107!<\/h2>\t\t\t\t<\/div>\n\t\t\t\t<\/div>\n\t\t\t\t<\/div>\n\t\t<div class=\"elementor-element elementor-element-fc88b38 e-con-full e-flex e-con e-child\" data-id=\"fc88b38\" data-element_type=\"container\" data-e-type=\"container\" data-settings=\"{&quot;background_background&quot;:&quot;classic&quot;,&quot;_ha_eqh_enable&quot;:false}\">\n\t\t\t\t<div class=\"elementor-element elementor-element-5949323 elementor-widget elementor-widget-heading\" data-id=\"5949323\" data-element_type=\"widget\" data-e-type=\"widget\" data-widget_type=\"heading.default\">\n\t\t\t\t<div class=\"elementor-widget-container\">\n\t\t\t\t\t<h2 class=\"elementor-heading-title elementor-size-default\">WSPIERAMY<\/h2>\t\t\t\t<\/div>\n\t\t\t\t<\/div>\n\t\t\t\t<\/div>\n\t\t\t\t<\/div>\n\t\t<div class=\"elementor-element elementor-element-6a3961e e-flex e-con-boxed e-con e-child\" data-id=\"6a3961e\" data-element_type=\"container\" data-e-type=\"container\" data-settings=\"{&quot;_ha_eqh_enable&quot;:&quot;yes&quot;,&quot;_ha_eqh_widget&quot;:[&quot;image&quot;,&quot;heading&quot;,&quot;text-editor&quot;,&quot;button&quot;],&quot;_ha_eqh_to&quot;:&quot;widget&quot;,&quot;_ha_eqh_disable_on_tablet&quot;:&quot;no&quot;,&quot;_ha_eqh_disable_on_mobile&quot;:&quot;yes&quot;}\">\n\t\t\t\t\t<div class=\"e-con-inner\">\n\t\t<div class=\"elementor-element elementor-element-f68fccf e-grid e-con-full e-con e-child\" data-id=\"f68fccf\" data-element_type=\"container\" data-e-type=\"container\" data-settings=\"{&quot;_ha_eqh_enable&quot;:&quot;yes&quot;,&quot;_ha_eqh_widget&quot;:[&quot;button&quot;],&quot;_ha_eqh_to&quot;:&quot;widget&quot;,&quot;_ha_eqh_disable_on_mobile&quot;:&quot;yes&quot;}\">\n\t\t<div class=\"elementor-element elementor-element-81585c3 e-con-full e-flex e-con e-child\" data-id=\"81585c3\" data-element_type=\"container\" data-e-type=\"container\" data-settings=\"{&quot;_ha_eqh_enable&quot;:false}\">\n\t\t\t\t<div class=\"elementor-element elementor-element-4505926 elementor-widget elementor-widget-image\" data-id=\"4505926\" data-element_type=\"widget\" data-e-type=\"widget\" data-widget_type=\"image.default\">\n\t\t\t\t<div class=\"elementor-widget-container\">\n\t\t\t\t\t\t\t\t\t\t\t\t\t\t\t<img loading=\"lazy\" decoding=\"async\" width=\"800\" height=\"532\" src=\"http:\/\/fundacja-harmonia.pl\/wp-content\/uploads\/2024\/10\/143-Aventino-Giardino-degli-Aranci-scaled-1-1024x681.jpg\" class=\"attachment-large size-large wp-image-467\" alt=\"\" srcset=\"http:\/\/fundacja-harmonia.pl\/wp-content\/uploads\/2024\/10\/143-Aventino-Giardino-degli-Aranci-scaled-1-1024x681.jpg 1024w, http:\/\/fundacja-harmonia.pl\/wp-content\/uploads\/2024\/10\/143-Aventino-Giardino-degli-Aranci-scaled-1-300x199.jpg 300w, http:\/\/fundacja-harmonia.pl\/wp-content\/uploads\/2024\/10\/143-Aventino-Giardino-degli-Aranci-scaled-1-768x511.jpg 768w, http:\/\/fundacja-harmonia.pl\/wp-content\/uploads\/2024\/10\/143-Aventino-Giardino-degli-Aranci-scaled-1-1536x1021.jpg 1536w, http:\/\/fundacja-harmonia.pl\/wp-content\/uploads\/2024\/10\/143-Aventino-Giardino-degli-Aranci-scaled-1-2048x1362.jpg 2048w\" sizes=\"auto, (max-width: 800px) 100vw, 800px\" \/>\t\t\t\t\t\t\t\t\t\t\t\t\t\t\t<\/div>\n\t\t\t\t<\/div>\n\t\t\t\t<div class=\"elementor-element elementor-element-fd42807 elementor-widget elementor-widget-heading\" data-id=\"fd42807\" data-element_type=\"widget\" data-e-type=\"widget\" data-widget_type=\"heading.default\">\n\t\t\t\t<div class=\"elementor-widget-container\">\n\t\t\t\t\t<h2 class=\"elementor-heading-title elementor-size-default\">Pom\u00f3\u017c Julkowi wr\u00f3ci\u0107 do zdrowia i jego pasji \u2013 muzyki!<\/h2>\t\t\t\t<\/div>\n\t\t\t\t<\/div>\n\t\t\t\t<div class=\"elementor-element elementor-element-6bac09a elementor-widget elementor-widget-text-editor\" data-id=\"6bac09a\" data-element_type=\"widget\" data-e-type=\"widget\" data-widget_type=\"text-editor.default\">\n\t\t\t\t<div class=\"elementor-widget-container\">\n\t\t\t\t\t\t\t\t\t<p>Julek, utalentowany m\u0142ody basista, w czerwcu 2024 roku uleg\u0142 powa\u017cnemu wypadkowi, kt\u00f3ry ca\u0142kowicie odmieni\u0142 jego \u017cycie. Jako ucze\u0144 Wydzia\u0142u Jazzu w Warszawie mia\u0142 przed sob\u0105 wielk\u0105 muzyczn\u0105 przysz\u0142o\u015b\u0107, jednak z\u0142amanie kr\u0119gos\u0142upa i uszkodzenie rdzenia kr\u0119gowego sprawi\u0142y, \u017ce teraz musi stoczy\u0107 walk\u0119 o powr\u00f3t do zdrowia. Julek potrzebuje Twojego wsparcia, aby mie\u0107 szans\u0119 na samodzielno\u015b\u0107 i powr\u00f3t do ukochanej muzyki.<\/p>\t\t\t\t\t\t\t\t<\/div>\n\t\t\t\t<\/div>\n\t\t\t\t<div class=\"elementor-element elementor-element-d041c67 elementor-widget elementor-widget-button\" data-id=\"d041c67\" data-element_type=\"widget\" data-e-type=\"widget\" data-widget_type=\"button.default\">\n\t\t\t\t<div class=\"elementor-widget-container\">\n\t\t\t\t\t\t\t\t\t<div class=\"elementor-button-wrapper\">\n\t\t\t\t\t<a class=\"elementor-button elementor-button-link elementor-size-sm\" href=\"http:\/\/fundacja-harmonia.pl\/?page_id=489\">\n\t\t\t\t\t\t<span class=\"elementor-button-content-wrapper\">\n\t\t\t\t\t\t<span class=\"elementor-button-icon\">\n\t\t\t\t<svg aria-hidden=\"true\" class=\"e-font-icon-svg e-fas-long-arrow-alt-right\" viewBox=\"0 0 448 512\" xmlns=\"http:\/\/www.w3.org\/2000\/svg\"><path d=\"M313.941 216H12c-6.627 0-12 5.373-12 12v56c0 6.627 5.373 12 12 12h301.941v46.059c0 21.382 25.851 32.09 40.971 16.971l86.059-86.059c9.373-9.373 9.373-24.569 0-33.941l-86.059-86.059c-15.119-15.119-40.971-4.411-40.971 16.971V216z\"><\/path><\/svg>\t\t\t<\/span>\n\t\t\t\t\t\t\t\t\t<span class=\"elementor-button-text\">czytaj dalej<\/span>\n\t\t\t\t\t<\/span>\n\t\t\t\t\t<\/a>\n\t\t\t\t<\/div>\n\t\t\t\t\t\t\t\t<\/div>\n\t\t\t\t<\/div>\n\t\t\t\t<\/div>\n\t\t<div class=\"elementor-element elementor-element-e72a936 e-con-full e-flex e-con e-child\" data-id=\"e72a936\" data-element_type=\"container\" data-e-type=\"container\" data-settings=\"{&quot;_ha_eqh_enable&quot;:false}\">\n\t\t\t\t<div class=\"elementor-element elementor-element-7190fe8 elementor-widget elementor-widget-image\" data-id=\"7190fe8\" data-element_type=\"widget\" data-e-type=\"widget\" data-widget_type=\"image.default\">\n\t\t\t\t<div class=\"elementor-widget-container\">\n\t\t\t\t\t\t\t\t\t\t\t\t\t\t\t<img loading=\"lazy\" decoding=\"async\" width=\"720\" height=\"755\" src=\"http:\/\/fundacja-harmonia.pl\/wp-content\/uploads\/2024\/11\/1727719893810.jpg\" class=\"attachment-medium_large size-medium_large wp-image-605\" alt=\"\" srcset=\"http:\/\/fundacja-harmonia.pl\/wp-content\/uploads\/2024\/11\/1727719893810.jpg 720w, http:\/\/fundacja-harmonia.pl\/wp-content\/uploads\/2024\/11\/1727719893810-286x300.jpg 286w\" sizes=\"auto, (max-width: 720px) 100vw, 720px\" \/>\t\t\t\t\t\t\t\t\t\t\t\t\t\t\t<\/div>\n\t\t\t\t<\/div>\n\t\t\t\t<div class=\"elementor-element elementor-element-f9c0dad elementor-widget elementor-widget-heading\" data-id=\"f9c0dad\" data-element_type=\"widget\" data-e-type=\"widget\" data-widget_type=\"heading.default\">\n\t\t\t\t<div class=\"elementor-widget-container\">\n\t\t\t\t\t<h2 class=\"elementor-heading-title elementor-size-default\">Pom\u00f3\u017c Miros\u0142awowi Romejko wr\u00f3ci\u0107 do zdrowia i rodziny!<\/h2>\t\t\t\t<\/div>\n\t\t\t\t<\/div>\n\t\t\t\t<div class=\"elementor-element elementor-element-9e13a62 elementor-widget elementor-widget-text-editor\" data-id=\"9e13a62\" data-element_type=\"widget\" data-e-type=\"widget\" data-widget_type=\"text-editor.default\">\n\t\t\t\t<div class=\"elementor-widget-container\">\n\t\t\t\t\t\t\t\t\t<p>W lipcu 2023 roku, podczas rodzinnej wycieczki rowerowej, Mirek \u2013 muzyk, tata i przyjaciel wielu \u2013 dozna\u0142 powa\u017cnego urazu kr\u0119gos\u0142upa, kt\u00f3ry odebra\u0142 mu mo\u017cliwo\u015b\u0107 ruchu. Mimo trudnej sytuacji Mirek nie poddaje si\u0119, codziennie walcz\u0105c o odzyskanie sprawno\u015bci. Jego determinacja i nieustaj\u0105ca rehabilitacja daj\u0105 nadziej\u0119 na powr\u00f3t do ukochanych bliskich i pracy na scenie. Sta\u015b, jego syn, t\u0119skni za wsparciem taty w codziennych \u0107wiczeniach i nauce. Pom\u00f3\u017cmy im spe\u0142ni\u0107 to marzenie! Ka\u017cda pomoc ma ogromne znaczenie.<\/p>\t\t\t\t\t\t\t\t<\/div>\n\t\t\t\t<\/div>\n\t\t\t\t<div class=\"elementor-element elementor-element-a7d3564 elementor-align-right elementor-widget elementor-widget-button\" data-id=\"a7d3564\" data-element_type=\"widget\" data-e-type=\"widget\" data-widget_type=\"button.default\">\n\t\t\t\t<div class=\"elementor-widget-container\">\n\t\t\t\t\t\t\t\t\t<div class=\"elementor-button-wrapper\">\n\t\t\t\t\t<a class=\"elementor-button elementor-button-link elementor-size-sm\" href=\"http:\/\/fundacja-harmonia.pl\/?page_id=609\">\n\t\t\t\t\t\t<span class=\"elementor-button-content-wrapper\">\n\t\t\t\t\t\t<span class=\"elementor-button-icon\">\n\t\t\t\t<svg aria-hidden=\"true\" class=\"e-font-icon-svg e-fas-long-arrow-alt-right\" viewBox=\"0 0 448 512\" xmlns=\"http:\/\/www.w3.org\/2000\/svg\"><path d=\"M313.941 216H12c-6.627 0-12 5.373-12 12v56c0 6.627 5.373 12 12 12h301.941v46.059c0 21.382 25.851 32.09 40.971 16.971l86.059-86.059c9.373-9.373 9.373-24.569 0-33.941l-86.059-86.059c-15.119-15.119-40.971-4.411-40.971 16.971V216z\"><\/path><\/svg>\t\t\t<\/span>\n\t\t\t\t\t\t\t\t\t<span class=\"elementor-button-text\">czytaj dalej<\/span>\n\t\t\t\t\t<\/span>\n\t\t\t\t\t<\/a>\n\t\t\t\t<\/div>\n\t\t\t\t\t\t\t\t<\/div>\n\t\t\t\t<\/div>\n\t\t\t\t<\/div>\n\t\t\t\t<\/div>\n\t\t\t\t\t<\/div>\n\t\t\t\t<\/div>\n\t\t\t\t<\/div>\n\t\t","protected":false},"excerpt":{"rendered":"<p>FUNDACJA HARMONIA Sztuka edukuje, inspiruje, \u0142\u0105czy. Do\u0142\u0105cz do nas i tw\u00f3rz przysz\u0142o\u015b\u0107! WSPIERAMY Pom\u00f3\u017c Julkowi wr\u00f3ci\u0107 do zdrowia i jego pasji \u2013 muzyki! Julek, utalentowany m\u0142ody basista, w czerwcu 2024 roku uleg\u0142 powa\u017cnemu wypadkowi, kt\u00f3ry ca\u0142kowicie odmieni\u0142 jego \u017cycie. Jako ucze\u0144 Wydzia\u0142u Jazzu w Warszawie mia\u0142 przed sob\u0105 wielk\u0105 muzyczn\u0105 przysz\u0142o\u015b\u0107, jednak z\u0142amanie kr\u0119gos\u0142upa i [&hellip;]<\/p>\n","protected":false},"author":3,"featured_media":0,"parent":0,"menu_order":0,"comment_status":"closed","ping_status":"closed","template":"elementor_canvas","meta":{"footnotes":""},"folder":[9],"class_list":["post-727","page","type-page","status-publish","hentry"],"_links":{"self":[{"href":"http:\/\/fundacja-harmonia.pl\/index.php?rest_route=\/wp\/v2\/pages\/727","targetHints":{"allow":["GET"]}}],"collection":[{"href":"http:\/\/fundacja-harmonia.pl\/index.php?rest_route=\/wp\/v2\/pages"}],"about":[{"href":"http:\/\/fundacja-harmonia.pl\/index.php?rest_route=\/wp\/v2\/types\/page"}],"author":[{"embeddable":true,"href":"http:\/\/fundacja-harmonia.pl\/index.php?rest_route=\/wp\/v2\/users\/3"}],"replies":[{"embeddable":true,"href":"http:\/\/fundacja-harmonia.pl\/index.php?rest_route=%2Fwp%2Fv2%2Fcomments&post=727"}],"version-history":[{"count":46,"href":"http:\/\/fundacja-harmonia.pl\/index.php?rest_route=\/wp\/v2\/pages\/727\/revisions"}],"predecessor-version":[{"id":1274,"href":"http:\/\/fundacja-harmonia.pl\/index.php?rest_route=\/wp\/v2\/pages\/727\/revisions\/1274"}],"wp:attachment":[{"href":"http:\/\/fundacja-harmonia.pl\/index.php?rest_route=%2Fwp%2Fv2%2Fmedia&parent=727"}],"wp:term":[{"taxonomy":"folder","embeddable":true,"href":"http:\/\/fundacja-harmonia.pl\/index.php?rest_route=%2Fwp%2Fv2%2Ffolder&post=727"}],"curies":[{"name":"wp","href":"https:\/\/api.w.org\/{rel}","templated":true}]}}