{"id":637,"date":"2024-11-14T10:17:43","date_gmt":"2024-11-14T10:17:43","guid":{"rendered":"http:\/\/fundacja-harmonia.pl\/?page_id=637"},"modified":"2026-01-08T07:21:16","modified_gmt":"2026-01-08T07:21:16","slug":"kurs","status":"publish","type":"page","link":"http:\/\/fundacja-harmonia.pl\/?page_id=637","title":{"rendered":"kurs"},"content":{"rendered":"\t\t<div data-elementor-type=\"wp-page\" data-elementor-id=\"637\" class=\"elementor elementor-637\" data-elementor-settings=\"{&quot;ha_cmc_init_switcher&quot;:&quot;no&quot;}\">\n\t\t\t\t<div class=\"elementor-element elementor-element-ca21254 e-con-full e-flex e-con e-parent\" data-id=\"ca21254\" data-element_type=\"container\" data-e-type=\"container\" data-settings=\"{&quot;background_background&quot;:&quot;classic&quot;,&quot;_ha_eqh_enable&quot;:false}\">\n\t\t<div class=\"elementor-element elementor-element-3fc64a8 e-con-full e-flex e-con e-child\" data-id=\"3fc64a8\" data-element_type=\"container\" data-e-type=\"container\" data-settings=\"{&quot;_ha_eqh_enable&quot;:false}\">\n\t\t\t\t<div class=\"elementor-element elementor-element-3dd9879 elementor-widget elementor-widget-heading\" data-id=\"3dd9879\" data-element_type=\"widget\" data-e-type=\"widget\" data-widget_type=\"heading.default\">\n\t\t\t\t<div class=\"elementor-widget-container\">\n\t\t\t\t\t<h2 class=\"elementor-heading-title elementor-size-default\">FUNDACJA HARMONIA<\/h2>\t\t\t\t<\/div>\n\t\t\t\t<\/div>\n\t\t\t\t<div class=\"elementor-element elementor-element-b4e61b6 elementor-widget elementor-widget-heading\" data-id=\"b4e61b6\" data-element_type=\"widget\" data-e-type=\"widget\" data-widget_type=\"heading.default\">\n\t\t\t\t<div class=\"elementor-widget-container\">\n\t\t\t\t\t<h2 class=\"elementor-heading-title elementor-size-default\">Sztuka edukuje, inspiruje, \u0142\u0105czy.<\/h2>\t\t\t\t<\/div>\n\t\t\t\t<\/div>\n\t\t\t\t<div class=\"elementor-element elementor-element-1be08d2 elementor-widget elementor-widget-heading\" data-id=\"1be08d2\" data-element_type=\"widget\" data-e-type=\"widget\" data-widget_type=\"heading.default\">\n\t\t\t\t<div class=\"elementor-widget-container\">\n\t\t\t\t\t<h2 class=\"elementor-heading-title elementor-size-default\">Do\u0142\u0105cz do nas i tw\u00f3rz przysz\u0142o\u015b\u0107!<\/h2>\t\t\t\t<\/div>\n\t\t\t\t<\/div>\n\t\t\t\t<\/div>\n\t\t<div class=\"elementor-element elementor-element-280fa10 e-con-full e-flex e-con e-child\" data-id=\"280fa10\" data-element_type=\"container\" data-e-type=\"container\" data-settings=\"{&quot;background_background&quot;:&quot;classic&quot;,&quot;_ha_eqh_enable&quot;:false}\">\n\t\t\t\t<div class=\"elementor-element elementor-element-da28c1d elementor-widget elementor-widget-heading\" data-id=\"da28c1d\" data-element_type=\"widget\" data-e-type=\"widget\" data-widget_type=\"heading.default\">\n\t\t\t\t<div class=\"elementor-widget-container\">\n\t\t\t\t\t<h2 class=\"elementor-heading-title elementor-size-default\">KURS PRZYGOTOWAWCZY I STOPNIA<\/h2>\t\t\t\t<\/div>\n\t\t\t\t<\/div>\n\t\t\t\t<\/div>\n\t\t\t\t<\/div>\n\t\t<div class=\"elementor-element elementor-element-7d97101 e-flex e-con-boxed e-con e-parent\" data-id=\"7d97101\" data-element_type=\"container\" data-e-type=\"container\" data-settings=\"{&quot;background_background&quot;:&quot;classic&quot;,&quot;_ha_eqh_enable&quot;:false}\">\n\t\t\t\t\t<div class=\"e-con-inner\">\n\t\t\t\t<div class=\"elementor-element elementor-element-3cc6e8d elementor-widget elementor-widget-text-editor\" data-id=\"3cc6e8d\" data-element_type=\"widget\" data-e-type=\"widget\" data-widget_type=\"text-editor.default\">\n\t\t\t\t<div class=\"elementor-widget-container\">\n\t\t\t\t\t\t\t\t\t<p>Fundacja Harmonia im. Gra\u017cyny Bacewicz oraz Zesp\u00f3\u0142 Pa\u0144stwowych Og\u00f3lnokszta\u0142c\u0105cych Szk\u00f3\u0142 Muzycznych I i II st. nr 3 im. G. Bacewicz w Warszawie informuj\u0105, \u017ce <strong data-start=\"249\" data-end=\"373\">zapisy na zaj\u0119cia z zakresu edukacji muzycznej dla kandydat\u00f3w do ZPOSM I stopnia nr 3 im. G. Bacewicz zosta\u0142y zako\u0144czone<\/strong>.<\/p>\t\t\t\t\t\t\t\t<\/div>\n\t\t\t\t<\/div>\n\t\t\t\t\t<\/div>\n\t\t\t\t<\/div>\n\t\t\t\t<\/div>\n\t\t","protected":false},"excerpt":{"rendered":"<p>FUNDACJA HARMONIA Sztuka edukuje, inspiruje, \u0142\u0105czy. Do\u0142\u0105cz do nas i tw\u00f3rz przysz\u0142o\u015b\u0107! KURS PRZYGOTOWAWCZY I STOPNIA Fundacja Harmonia im. Gra\u017cyny Bacewicz oraz Zesp\u00f3\u0142 Pa\u0144stwowych Og\u00f3lnokszta\u0142c\u0105cych Szk\u00f3\u0142 Muzycznych I i II st. nr 3 im. G. Bacewicz w Warszawie informuj\u0105, \u017ce zapisy na zaj\u0119cia z zakresu edukacji muzycznej dla kandydat\u00f3w do ZPOSM I stopnia nr 3 [&hellip;]<\/p>\n","protected":false},"author":3,"featured_media":0,"parent":0,"menu_order":0,"comment_status":"closed","ping_status":"closed","template":"elementor_canvas","meta":{"footnotes":""},"folder":[9],"class_list":["post-637","page","type-page","status-publish","hentry"],"_links":{"self":[{"href":"http:\/\/fundacja-harmonia.pl\/index.php?rest_route=\/wp\/v2\/pages\/637","targetHints":{"allow":["GET"]}}],"collection":[{"href":"http:\/\/fundacja-harmonia.pl\/index.php?rest_route=\/wp\/v2\/pages"}],"about":[{"href":"http:\/\/fundacja-harmonia.pl\/index.php?rest_route=\/wp\/v2\/types\/page"}],"author":[{"embeddable":true,"href":"http:\/\/fundacja-harmonia.pl\/index.php?rest_route=\/wp\/v2\/users\/3"}],"replies":[{"embeddable":true,"href":"http:\/\/fundacja-harmonia.pl\/index.php?rest_route=%2Fwp%2Fv2%2Fcomments&post=637"}],"version-history":[{"count":109,"href":"http:\/\/fundacja-harmonia.pl\/index.php?rest_route=\/wp\/v2\/pages\/637\/revisions"}],"predecessor-version":[{"id":1527,"href":"http:\/\/fundacja-harmonia.pl\/index.php?rest_route=\/wp\/v2\/pages\/637\/revisions\/1527"}],"wp:attachment":[{"href":"http:\/\/fundacja-harmonia.pl\/index.php?rest_route=%2Fwp%2Fv2%2Fmedia&parent=637"}],"wp:term":[{"taxonomy":"folder","embeddable":true,"href":"http:\/\/fundacja-harmonia.pl\/index.php?rest_route=%2Fwp%2Fv2%2Ffolder&post=637"}],"curies":[{"name":"wp","href":"https:\/\/api.w.org\/{rel}","templated":true}]}}