{"id":1423,"date":"2025-11-27T15:18:01","date_gmt":"2025-11-27T15:18:01","guid":{"rendered":"http:\/\/fundacja-harmonia.pl\/?page_id=1423"},"modified":"2025-12-01T13:40:20","modified_gmt":"2025-12-01T13:40:20","slug":"wspieranietworcow","status":"publish","type":"page","link":"http:\/\/fundacja-harmonia.pl\/?page_id=1423","title":{"rendered":"wspieranietworcow"},"content":{"rendered":"\t\t<div data-elementor-type=\"wp-page\" data-elementor-id=\"1423\" class=\"elementor elementor-1423\" data-elementor-settings=\"{&quot;ha_cmc_init_switcher&quot;:&quot;no&quot;}\">\n\t\t\t\t<div class=\"elementor-element elementor-element-45a0cbb e-con-full e-flex e-con e-parent\" data-id=\"45a0cbb\" data-element_type=\"container\" data-e-type=\"container\" data-settings=\"{&quot;_ha_eqh_enable&quot;:false}\">\n\t\t<div class=\"elementor-element elementor-element-b0c91bf e-con-full e-flex e-con e-child\" data-id=\"b0c91bf\" data-element_type=\"container\" data-e-type=\"container\" data-settings=\"{&quot;background_background&quot;:&quot;classic&quot;,&quot;_ha_eqh_enable&quot;:false}\">\n\t\t<div class=\"elementor-element elementor-element-3737c11 e-con-full e-flex e-con e-child\" data-id=\"3737c11\" data-element_type=\"container\" data-e-type=\"container\" data-settings=\"{&quot;_ha_eqh_enable&quot;:false}\">\n\t\t\t\t<div class=\"elementor-element elementor-element-f753d4e elementor-widget elementor-widget-heading\" data-id=\"f753d4e\" data-element_type=\"widget\" data-e-type=\"widget\" data-widget_type=\"heading.default\">\n\t\t\t\t<div class=\"elementor-widget-container\">\n\t\t\t\t\t<h2 class=\"elementor-heading-title elementor-size-default\">FUNDACJA HARMONIA<\/h2>\t\t\t\t<\/div>\n\t\t\t\t<\/div>\n\t\t\t\t<div class=\"elementor-element elementor-element-a57f7ac elementor-widget elementor-widget-heading\" data-id=\"a57f7ac\" data-element_type=\"widget\" data-e-type=\"widget\" data-widget_type=\"heading.default\">\n\t\t\t\t<div class=\"elementor-widget-container\">\n\t\t\t\t\t<h2 class=\"elementor-heading-title elementor-size-default\">Sztuka edukuje, inspiruje, \u0142\u0105czy.<\/h2>\t\t\t\t<\/div>\n\t\t\t\t<\/div>\n\t\t\t\t<div class=\"elementor-element elementor-element-9df2af9 elementor-widget elementor-widget-heading\" data-id=\"9df2af9\" data-element_type=\"widget\" data-e-type=\"widget\" data-widget_type=\"heading.default\">\n\t\t\t\t<div class=\"elementor-widget-container\">\n\t\t\t\t\t<h2 class=\"elementor-heading-title elementor-size-default\">Do\u0142\u0105cz do nas i tw\u00f3rz przysz\u0142o\u015b\u0107!<\/h2>\t\t\t\t<\/div>\n\t\t\t\t<\/div>\n\t\t\t\t<\/div>\n\t\t<div class=\"elementor-element elementor-element-00f3367 e-con-full e-flex e-con e-child\" data-id=\"00f3367\" data-element_type=\"container\" data-e-type=\"container\" data-settings=\"{&quot;background_background&quot;:&quot;classic&quot;,&quot;_ha_eqh_enable&quot;:false}\">\n\t\t\t\t<div class=\"elementor-element elementor-element-588e7d8 elementor-widget elementor-widget-heading\" data-id=\"588e7d8\" data-element_type=\"widget\" data-e-type=\"widget\" data-widget_type=\"heading.default\">\n\t\t\t\t<div class=\"elementor-widget-container\">\n\t\t\t\t\t<h2 class=\"elementor-heading-title elementor-size-default\">WSPIERANIE M\u0141ODYCH TW\u00d3RC\u00d3W<\/h2>\t\t\t\t<\/div>\n\t\t\t\t<\/div>\n\t\t\t\t<\/div>\n\t\t\t\t<\/div>\n\t\t\t\t<\/div>\n\t\t<div class=\"elementor-element elementor-element-99b87f2 e-flex e-con-boxed e-con e-parent\" data-id=\"99b87f2\" data-element_type=\"container\" data-e-type=\"container\" data-settings=\"{&quot;_ha_eqh_enable&quot;:false}\">\n\t\t\t\t\t<div class=\"e-con-inner\">\n\t\t<div class=\"elementor-element elementor-element-04825a3 e-con-full e-flex e-con e-child\" data-id=\"04825a3\" data-element_type=\"container\" data-e-type=\"container\" data-settings=\"{&quot;background_background&quot;:&quot;classic&quot;,&quot;_ha_eqh_enable&quot;:false}\">\n\t\t<div class=\"elementor-element elementor-element-39ccfcb e-con-full e-flex e-con e-child\" data-id=\"39ccfcb\" data-element_type=\"container\" data-e-type=\"container\" data-settings=\"{&quot;_ha_eqh_enable&quot;:false}\">\n\t\t\t\t<div class=\"elementor-element elementor-element-aba6fcd elementor-widget elementor-widget-image\" data-id=\"aba6fcd\" data-element_type=\"widget\" data-e-type=\"widget\" data-widget_type=\"image.default\">\n\t\t\t\t<div class=\"elementor-widget-container\">\n\t\t\t\t\t\t\t\t\t\t\t\t\t\t\t<img loading=\"lazy\" decoding=\"async\" width=\"800\" height=\"983\" src=\"http:\/\/fundacja-harmonia.pl\/wp-content\/uploads\/2025\/11\/IMG-20240123-WA0003-833x1024.jpg\" class=\"attachment-large size-large wp-image-1455\" alt=\"\" srcset=\"http:\/\/fundacja-harmonia.pl\/wp-content\/uploads\/2025\/11\/IMG-20240123-WA0003-833x1024.jpg 833w, http:\/\/fundacja-harmonia.pl\/wp-content\/uploads\/2025\/11\/IMG-20240123-WA0003-244x300.jpg 244w, http:\/\/fundacja-harmonia.pl\/wp-content\/uploads\/2025\/11\/IMG-20240123-WA0003-768x944.jpg 768w, http:\/\/fundacja-harmonia.pl\/wp-content\/uploads\/2025\/11\/IMG-20240123-WA0003.jpg 1036w\" sizes=\"auto, (max-width: 800px) 100vw, 800px\" \/>\t\t\t\t\t\t\t\t\t\t\t\t\t\t\t<\/div>\n\t\t\t\t<\/div>\n\t\t\t\t<\/div>\n\t\t<div class=\"elementor-element elementor-element-b88e2d2 e-con-full e-flex e-con e-child\" data-id=\"b88e2d2\" data-element_type=\"container\" data-e-type=\"container\" data-settings=\"{&quot;_ha_eqh_enable&quot;:false}\">\n\t\t\t\t<div class=\"elementor-element elementor-element-5114ff5 elementor-widget elementor-widget-text-editor\" data-id=\"5114ff5\" data-element_type=\"widget\" data-e-type=\"widget\" data-widget_type=\"text-editor.default\">\n\t\t\t\t<div class=\"elementor-widget-container\">\n\t\t\t\t\t\t\t\t\t<div dir=\"auto\">Miko\u0142aj Wi\u0119ckowski\u00a0<\/div><div dir=\"auto\">\u00a0<\/div><div dir=\"auto\">Obecnie studiuj\u0119 kompozycj\u0119 muzyki filmowej oraz dyrygentur\u0119 ch\u00f3raln\u0105 na Akademii Muzycznej im. Gra\u017cyny i Kiejstuta Bacewicz\u00f3w w \u0141odzi. Na co dzie\u0144 tworz\u0119 i aran\u017cuj\u0119 r\u00f3\u017cnorodn\u0105 stylowo muzyk\u0119 &#8211; od klasycznej wsp\u00f3\u0142czesnej, po rozrywkow\u0105. Wiele z moich prac jest wykonywanych publicznie na r\u00f3\u017cnego rodzaju koncertach. Sam wyst\u0119puj\u0119, najcz\u0119\u015bciej jako pianista, udzielaj\u0105c si\u0119 niekiedy w programach telewizyjcych. Graj\u0105c na fagocie i fortepianie sko\u0144czy\u0142em dwunastolenti\u0105 edukacj\u0119 w szkole muzycznej im. Gra\u017cyny Bacewicz w Warszawie.<\/div><div dir=\"auto\">Polonez d-moll powsta\u0142 jesieni\u0105 2022 roku, kiedy, b\u0119d\u0105c w klasie maturalnej, pojawi\u0142 si\u0119 pomy\u015b\u0142 stworzenia w\u0142asnego, oryginalnego poloneza na nasz\u0105 studni\u00f3wk\u0119. Po stworzeniu partytury i zorganizowaniu wspania\u0142ych muzyk\u00f3w uda\u0142o si\u0119 zrealizowa\u0107 nagranie. Nie uda\u0142oby si\u0119 to, gdyby nie wsparcie finansowe ze strony fundacji &#8222;Harmonia&#8221; oraz szko\u0142y.<\/div><div dir=\"auto\">Oficjalna premiera poloneza mia\u0142a miejsce w styczniu 2023 roku podczas naszej studni\u00f3wki.\u00a0<\/div>\t\t\t\t\t\t\t\t<\/div>\n\t\t\t\t<\/div>\n\t\t\t\t<div class=\"elementor-element elementor-element-652f071 elementor-widget elementor-widget-slide-compact-player\" data-id=\"652f071\" data-element_type=\"widget\" data-e-type=\"widget\" data-widget_type=\"slide-compact-player.default\">\n\t\t\t\t<div class=\"elementor-widget-container\">\n\t\t\t\t\t\r\n\t\t<div class=\"swp_music_player compact-player\" id=\"mpfe_69f70ee6922a3\" data-autoplay=\"no\" data-playmode=\"repeat\" data-stopplaylistend=\"no\" data-stopsongend=\"no\" data-repeatmode=\"unset\" data-pfs=\"no\">\r\n\t\t\t<div class=\"swp-compact-player\">\r\n\t\t\t\t<div class=\"swp-compact-cover\">\r\n\t\t\t\t\t<div class=\"swp-compact-cover-container\"><\/div>\r\n\t\t\t\t\t<div class=\"compact-cover-overlay album_left_overlay lc_swp_overlay\"><\/div>\r\n\t\t\t\t<\/div>\r\n\r\n\t\t\t\t<div class=\"swp-compact-player-info\">\r\n\t\t\t\t\t<div class=\"compact-info-overlay album_right_overlay lc_swp_overlay\"><\/div>\r\n\t\t\t\t\t<div class=\"compact-info-content\">\r\n\t\t\t\t\t\t<div class=\"compact-info-top mpfe_clearfix\">\r\n\t\t\t\t\t\t\t<div class=\"compact-song-details\">\r\n\t\t\t\t\t\t\t\t<div class=\"current_song_name compact-song-name\"><\/div>\r\n\t\t\t\t\t\t\t\t<div class=\"current_album_name compact-album-name\"><\/div>\r\n\t\t\t\t\t\t\t<\/div>\r\n\t\t\t\t\t\t\t<div class=\"compact-play-pause\">\r\n\t\t\t\t\t\t\t\t<span class=\"compact-play-container \">\r\n\t\t\t\t\t\t\t\t\t<i class=\"fas fa-play player_play compact_play compact-playpause\"><\/i>\r\n\t\t\t\t\t\t\t\t<\/span>\r\n\t\t\t\t\t\t\t\t<span class=\"compact-pause-container\">\r\n\t\t\t\t\t\t\t\t\t<i class=\"fas fa-pause player_pause compact_pause compact-playpause display_none\"><\/i>\r\n\t\t\t\t\t\t\t\t<\/span>\r\n\t\t\t\t\t\t\t<\/div>\r\n\t\t\t\t\t\t<\/div>\r\n\r\n\t\t\t\t\t\t<div class=\"smc_player_progress_bar compact-progress-bar\">\r\n\t\t\t\t\t\t\t<div class=\"player_time_slider_base compact-player-slider-base ltr_direction\"><\/div>\r\n\t\t\t\t\t\t\t<div class=\"player_time_slider compact-player-slider\"><\/div>\r\n\t\t\t\t\t\t<\/div>\r\n\r\n\t\t\t\t\t\t<div class=\"compact-info-bottom mpfe_clearfix\">\r\n\t\t\t\t\t\t\t<div class=\"compact-timeline\">\r\n\t\t\t\t\t\t\t\t<span class=\"song_current_progress compact_current_progress\">0:00<\/span>\r\n\t\t\t\t\t\t\t\t<span class=\"player_duration_sep compact_duration_sep\">&#47;<\/span>\r\n\t\t\t\t\t\t\t\t<span class=\"song_duration compact_song_duration\">0:00<\/span>\r\n\t\t\t\t\t\t\t<\/div>\r\n\r\n\t\t\t\t\t\t\t\r\n\t\t\t\t\t\t\t<div class=\"compact-controls\">\r\n\t\t\t\t\t\t\t\t\r\n\t\t\t\t\t\t\t\t\t\t\t\t\t\t\t\t\t\t\t\t\t\t\t\t<i class=\"fas fa-step-backward mpfe-compact-bottom-player-icon\"><\/i>\r\n\t\t\t\t\t\t\t\t<i class=\"fas fa-step-forward mpfe-compact-bottom-player-icon\"><\/i>\r\n\t\t\t\t\t\t\t\t\t\t\t\t\t\t\t\t\t\t\t\t\t\t\t\t\r\n\r\n\r\n\t\t\t\t\t\t\t\t\t\t\t\t\t\t\t\t<i class=\"fas fa-list-ul mpfe-compact-list\"><\/i>\r\n\t\t\t\t\t\t\t\t\t\t\t\t\t\t\t<\/div>\r\n\t\t\t\t\t\t<\/div>\r\n\t\t\t\t\t<\/div>\r\n\t\t\t\t<\/div>\r\n\t\t\t<\/div>\r\n\r\n\t\t\t\r\n\t\t\t<div class=\"swp-compact-playlist swp-playlist-popup\">\r\n\t\t\t\t\t\t\t\t<div class=\"compact-close-playlist-container\">\r\n\t\t\t\t<\/div>\r\n\t\t\t\t\t\t\t\t<div class=\"swp-compact-playlist-inner-container swp-playlist-popup-inner\">\r\n\t\t\t\t\t<div class=\"swp-compact-playlist-inner\">\r\n\t\t\t\t\t\t\t<div class=\"swp_music_player_entry compact-player-entry mpfe_clearfix\" data-mediafile=\"http:\/\/fundacja-harmonia.pl\/wp-content\/uploads\/2025\/12\/AUD-20240926-WA0001.aac\">\r\n\t\t\t<span class=\"swp_song_details player_entry_left compact_player_entry_left\">\r\n\t\t\t\t<span class=\"play_icon compact_player_playlist_under_play\">\r\n\t\t\t\t\t<i class=\"fas fa-play before_song compact_bs compact_bs_play\"><\/i>\r\n\t\t\t\t\t<i class=\"fas fa-pause before_song compact_bs compact_bs_pause display_none\"><\/i>\r\n\t\t\t\t<\/span>\r\n\t\t\t\t<span class=\"player_song_name transition3\" data-albumname=\"Miko\u0142aj Wi\u0119ckowski\">\r\n\t\t\t\t\tPolonez\t\t\t\t<\/span>\r\n\t\t\t\t\t\t\t<\/span>\r\n\r\n\t\t\t<span class=\"entry_duration mpfe_fix_lh\"><\/span>\t\t\r\n\r\n\t\t\t<span class=\"song_buy_icons compact_buy_icons transition3 mpfe_clearfix mobile_visibility_hide\">\r\n\t\t\t\t\t\t\t\t\t\t\t\t\t\t\t\t\t\t\t<\/span>\r\n\r\n\t\t\t\t\t<\/div>\r\n\r\n\t\t\t\t\t\t\t<\/div>\r\n\t\t\t\t<\/div>\r\n\t\t\t<\/div>\r\n\t\t<\/div>\r\n\r\n\t\t\t\t\t\t<\/div>\n\t\t\t\t<\/div>\n\t\t\t\t<\/div>\n\t\t\t\t<\/div>\n\t\t<div class=\"elementor-element elementor-element-53be10b e-con-full e-flex e-con e-child\" data-id=\"53be10b\" data-element_type=\"container\" data-e-type=\"container\" data-settings=\"{&quot;background_background&quot;:&quot;classic&quot;,&quot;_ha_eqh_enable&quot;:false}\">\n\t\t<div class=\"elementor-element elementor-element-3435e10 e-con-full e-flex e-con e-child\" data-id=\"3435e10\" data-element_type=\"container\" data-e-type=\"container\" data-settings=\"{&quot;_ha_eqh_enable&quot;:false}\">\n\t\t\t\t<div class=\"elementor-element elementor-element-2264976 elementor-widget elementor-widget-text-editor\" data-id=\"2264976\" data-element_type=\"widget\" data-e-type=\"widget\" data-widget_type=\"text-editor.default\">\n\t\t\t\t<div class=\"elementor-widget-container\">\n\t\t\t\t\t\t\t\t\t<div>Jakub Krzymi\u0144ski<\/div><div>\u00a0<\/div><div><div><div dir=\"auto\">ZPOSM nr 3 im. G. Bacewicz w Warszawie uko\u0144czy\u0142em w 2024 roku w klasie fortepianu dr hab. Anny Stempin-Jasnowskiej, prof. AMFN oraz w klasie kompozycji pana Piotra Tabakiernika. Dalsz\u0105 nauk\u0119 kontynuuj\u0119 w Akademii Muzycznej im. F. Nowowiejskiego w Bydgoszczy &#8211; w zakresie fortepianu pod kierunkiem dr hab. Anny Stempin-Jasnowskiej oraz w zakresie kompozycji pod kierunkiem prof. dr hab. Hanny Kulenty.<\/div><div dir=\"auto\">Autork\u0105 pomys\u0142u na napisanie oryginalnego poloneza na szkoln\u0105 studni\u00f3wk\u0119 by\u0142a prowadz\u0105ca zaj\u0119cia ta\u0144ca pani Ewa Budny-Or\u0142owska. Pomys\u0142 ten po raz pierwszy zrealizowa\u0142 w 2023 roku Miko\u0142aj Wi\u0119ckowski, natomiast rok p\u00f3\u017aniej mnie przypad\u0142 zaszczyt zaprezentowania swojego utworu. By\u0142o to niezwykle cenne do\u015bwiadczenie, kt\u00f3re pozwoli\u0142o mi skonfrontowa\u0107 zapisane na papierze pomys\u0142y z ich rzeczywistym wykonaniem. Nie by\u0142oby to mo\u017cliwe bez wsparcia koleg\u00f3w i kole\u017canek, cennych rad dotycz\u0105cych utworu udzielonych mi przez pana Piotra Tabakiernika oraz funduszy na nagranie utworu uzyskanych od Fundacji Harmonia.<\/div><\/div><\/div>\t\t\t\t\t\t\t\t<\/div>\n\t\t\t\t<\/div>\n\t\t\t\t<div class=\"elementor-element elementor-element-6b69db1 elementor-widget elementor-widget-slide-compact-player\" data-id=\"6b69db1\" data-element_type=\"widget\" data-e-type=\"widget\" data-widget_type=\"slide-compact-player.default\">\n\t\t\t\t<div class=\"elementor-widget-container\">\n\t\t\t\t\t\r\n\t\t<div class=\"swp_music_player compact-player\" id=\"mpfe_69f70ee69381d\" data-autoplay=\"no\" data-playmode=\"repeat\" data-stopplaylistend=\"no\" data-stopsongend=\"no\" data-repeatmode=\"unset\" data-pfs=\"no\">\r\n\t\t\t<div class=\"swp-compact-player\">\r\n\t\t\t\t<div class=\"swp-compact-cover\">\r\n\t\t\t\t\t<div class=\"swp-compact-cover-container\"><\/div>\r\n\t\t\t\t\t<div class=\"compact-cover-overlay album_left_overlay lc_swp_overlay\"><\/div>\r\n\t\t\t\t<\/div>\r\n\r\n\t\t\t\t<div class=\"swp-compact-player-info\">\r\n\t\t\t\t\t<div class=\"compact-info-overlay album_right_overlay lc_swp_overlay\"><\/div>\r\n\t\t\t\t\t<div class=\"compact-info-content\">\r\n\t\t\t\t\t\t<div class=\"compact-info-top mpfe_clearfix\">\r\n\t\t\t\t\t\t\t<div class=\"compact-song-details\">\r\n\t\t\t\t\t\t\t\t<div class=\"current_song_name compact-song-name\"><\/div>\r\n\t\t\t\t\t\t\t\t<div class=\"current_album_name compact-album-name\"><\/div>\r\n\t\t\t\t\t\t\t<\/div>\r\n\t\t\t\t\t\t\t<div class=\"compact-play-pause\">\r\n\t\t\t\t\t\t\t\t<span class=\"compact-play-container \">\r\n\t\t\t\t\t\t\t\t\t<i class=\"fas fa-play player_play compact_play compact-playpause\"><\/i>\r\n\t\t\t\t\t\t\t\t<\/span>\r\n\t\t\t\t\t\t\t\t<span class=\"compact-pause-container\">\r\n\t\t\t\t\t\t\t\t\t<i class=\"fas fa-pause player_pause compact_pause compact-playpause display_none\"><\/i>\r\n\t\t\t\t\t\t\t\t<\/span>\r\n\t\t\t\t\t\t\t<\/div>\r\n\t\t\t\t\t\t<\/div>\r\n\r\n\t\t\t\t\t\t<div class=\"smc_player_progress_bar compact-progress-bar\">\r\n\t\t\t\t\t\t\t<div class=\"player_time_slider_base compact-player-slider-base ltr_direction\"><\/div>\r\n\t\t\t\t\t\t\t<div class=\"player_time_slider compact-player-slider\"><\/div>\r\n\t\t\t\t\t\t<\/div>\r\n\r\n\t\t\t\t\t\t<div class=\"compact-info-bottom mpfe_clearfix\">\r\n\t\t\t\t\t\t\t<div class=\"compact-timeline\">\r\n\t\t\t\t\t\t\t\t<span class=\"song_current_progress compact_current_progress\">0:00<\/span>\r\n\t\t\t\t\t\t\t\t<span class=\"player_duration_sep compact_duration_sep\">&#47;<\/span>\r\n\t\t\t\t\t\t\t\t<span class=\"song_duration compact_song_duration\">0:00<\/span>\r\n\t\t\t\t\t\t\t<\/div>\r\n\r\n\t\t\t\t\t\t\t\r\n\t\t\t\t\t\t\t<div class=\"compact-controls\">\r\n\t\t\t\t\t\t\t\t\r\n\t\t\t\t\t\t\t\t\t\t\t\t\t\t\t\t\t\t\t\t\t\t\t\t<i class=\"fas fa-step-backward mpfe-compact-bottom-player-icon\"><\/i>\r\n\t\t\t\t\t\t\t\t<i class=\"fas fa-step-forward mpfe-compact-bottom-player-icon\"><\/i>\r\n\t\t\t\t\t\t\t\t\t\t\t\t\t\t\t\t\t\t\t\t\t\t\t\t\r\n\r\n\r\n\t\t\t\t\t\t\t\t\t\t\t\t\t\t\t\t<i class=\"fas fa-list-ul mpfe-compact-list\"><\/i>\r\n\t\t\t\t\t\t\t\t\t\t\t\t\t\t\t<\/div>\r\n\t\t\t\t\t\t<\/div>\r\n\t\t\t\t\t<\/div>\r\n\t\t\t\t<\/div>\r\n\t\t\t<\/div>\r\n\r\n\t\t\t\r\n\t\t\t<div class=\"swp-compact-playlist swp-playlist-popup\">\r\n\t\t\t\t\t\t\t\t<div class=\"compact-close-playlist-container\">\r\n\t\t\t\t<\/div>\r\n\t\t\t\t\t\t\t\t<div class=\"swp-compact-playlist-inner-container swp-playlist-popup-inner\">\r\n\t\t\t\t\t<div class=\"swp-compact-playlist-inner\">\r\n\t\t\t\t\t\t\t<div class=\"swp_music_player_entry compact-player-entry mpfe_clearfix\" data-mediafile=\"http:\/\/fundacja-harmonia.pl\/wp-content\/uploads\/2025\/12\/POLONEZ-v1.mp3\">\r\n\t\t\t<span class=\"swp_song_details player_entry_left compact_player_entry_left\">\r\n\t\t\t\t<span class=\"play_icon compact_player_playlist_under_play\">\r\n\t\t\t\t\t<i class=\"fas fa-play before_song compact_bs compact_bs_play\"><\/i>\r\n\t\t\t\t\t<i class=\"fas fa-pause before_song compact_bs compact_bs_pause display_none\"><\/i>\r\n\t\t\t\t<\/span>\r\n\t\t\t\t<span class=\"player_song_name transition3\" data-albumname=\"Jakub Krzymi\u0144ski\">\r\n\t\t\t\t\tPolonez\t\t\t\t<\/span>\r\n\t\t\t\t\t\t\t<\/span>\r\n\r\n\t\t\t<span class=\"entry_duration mpfe_fix_lh\"><\/span>\t\t\r\n\r\n\t\t\t<span class=\"song_buy_icons compact_buy_icons transition3 mpfe_clearfix mobile_visibility_hide\">\r\n\t\t\t\t\t\t\t\t\t\t\t\t\t\t\t\t\t\t\t<\/span>\r\n\r\n\t\t\t\t\t<\/div>\r\n\r\n\t\t\t\t\t\t\t<\/div>\r\n\t\t\t\t<\/div>\r\n\t\t\t<\/div>\r\n\t\t<\/div>\r\n\r\n\t\t\t\t\t\t<\/div>\n\t\t\t\t<\/div>\n\t\t\t\t<\/div>\n\t\t<div class=\"elementor-element elementor-element-d28babd e-con-full e-flex e-con e-child\" data-id=\"d28babd\" data-element_type=\"container\" data-e-type=\"container\" data-settings=\"{&quot;_ha_eqh_enable&quot;:false}\">\n\t\t\t\t<div class=\"elementor-element elementor-element-9c86c53 elementor-widget elementor-widget-image\" data-id=\"9c86c53\" data-element_type=\"widget\" data-e-type=\"widget\" data-widget_type=\"image.default\">\n\t\t\t\t<div class=\"elementor-widget-container\">\n\t\t\t\t\t\t\t\t\t\t\t\t\t\t\t<img loading=\"lazy\" decoding=\"async\" width=\"726\" height=\"1024\" src=\"http:\/\/fundacja-harmonia.pl\/wp-content\/uploads\/2025\/11\/fotofb-726x1024.jpg\" class=\"attachment-large size-large wp-image-1453\" alt=\"\" srcset=\"http:\/\/fundacja-harmonia.pl\/wp-content\/uploads\/2025\/11\/fotofb-726x1024.jpg 726w, http:\/\/fundacja-harmonia.pl\/wp-content\/uploads\/2025\/11\/fotofb-213x300.jpg 213w, http:\/\/fundacja-harmonia.pl\/wp-content\/uploads\/2025\/11\/fotofb-768x1084.jpg 768w, http:\/\/fundacja-harmonia.pl\/wp-content\/uploads\/2025\/11\/fotofb-1088x1536.jpg 1088w, http:\/\/fundacja-harmonia.pl\/wp-content\/uploads\/2025\/11\/fotofb.jpg 1451w\" sizes=\"auto, (max-width: 726px) 100vw, 726px\" \/>\t\t\t\t\t\t\t\t\t\t\t\t\t\t\t<\/div>\n\t\t\t\t<\/div>\n\t\t\t\t<\/div>\n\t\t\t\t<\/div>\n\t\t\t\t\t<\/div>\n\t\t\t\t<\/div>\n\t\t<div class=\"elementor-element elementor-element-feedbb4 e-flex e-con-boxed e-con e-parent\" data-id=\"feedbb4\" data-element_type=\"container\" data-e-type=\"container\" data-settings=\"{&quot;_ha_eqh_enable&quot;:false}\">\n\t\t\t\t\t<div class=\"e-con-inner\">\n\t\t\t\t\t<\/div>\n\t\t\t\t<\/div>\n\t\t\t\t<\/div>\n\t\t","protected":false},"excerpt":{"rendered":"<p>FUNDACJA HARMONIA Sztuka edukuje, inspiruje, \u0142\u0105czy. Do\u0142\u0105cz do nas i tw\u00f3rz przysz\u0142o\u015b\u0107! WSPIERANIE M\u0141ODYCH TW\u00d3RC\u00d3W Miko\u0142aj Wi\u0119ckowski\u00a0\u00a0Obecnie studiuj\u0119 kompozycj\u0119 muzyki filmowej oraz dyrygentur\u0119 ch\u00f3raln\u0105 na Akademii Muzycznej im. Gra\u017cyny i Kiejstuta Bacewicz\u00f3w w \u0141odzi. Na co dzie\u0144 tworz\u0119 i aran\u017cuj\u0119 r\u00f3\u017cnorodn\u0105 stylowo muzyk\u0119 &#8211; od klasycznej wsp\u00f3\u0142czesnej, po rozrywkow\u0105. Wiele z moich prac jest wykonywanych [&hellip;]<\/p>\n","protected":false},"author":3,"featured_media":0,"parent":0,"menu_order":0,"comment_status":"closed","ping_status":"closed","template":"elementor_canvas","meta":{"footnotes":""},"folder":[9],"class_list":["post-1423","page","type-page","status-publish","hentry"],"_links":{"self":[{"href":"http:\/\/fundacja-harmonia.pl\/index.php?rest_route=\/wp\/v2\/pages\/1423","targetHints":{"allow":["GET"]}}],"collection":[{"href":"http:\/\/fundacja-harmonia.pl\/index.php?rest_route=\/wp\/v2\/pages"}],"about":[{"href":"http:\/\/fundacja-harmonia.pl\/index.php?rest_route=\/wp\/v2\/types\/page"}],"author":[{"embeddable":true,"href":"http:\/\/fundacja-harmonia.pl\/index.php?rest_route=\/wp\/v2\/users\/3"}],"replies":[{"embeddable":true,"href":"http:\/\/fundacja-harmonia.pl\/index.php?rest_route=%2Fwp%2Fv2%2Fcomments&post=1423"}],"version-history":[{"count":25,"href":"http:\/\/fundacja-harmonia.pl\/index.php?rest_route=\/wp\/v2\/pages\/1423\/revisions"}],"predecessor-version":[{"id":1471,"href":"http:\/\/fundacja-harmonia.pl\/index.php?rest_route=\/wp\/v2\/pages\/1423\/revisions\/1471"}],"wp:attachment":[{"href":"http:\/\/fundacja-harmonia.pl\/index.php?rest_route=%2Fwp%2Fv2%2Fmedia&parent=1423"}],"wp:term":[{"taxonomy":"folder","embeddable":true,"href":"http:\/\/fundacja-harmonia.pl\/index.php?rest_route=%2Fwp%2Fv2%2Ffolder&post=1423"}],"curies":[{"name":"wp","href":"https:\/\/api.w.org\/{rel}","templated":true}]}}