{"id":1190,"date":"2025-02-27T06:46:50","date_gmt":"2025-02-27T06:46:50","guid":{"rendered":"http:\/\/fundacja-harmonia.pl\/?page_id=1190"},"modified":"2026-03-11T08:28:42","modified_gmt":"2026-03-11T08:28:42","slug":"kurs2stopien","status":"publish","type":"page","link":"http:\/\/fundacja-harmonia.pl\/?page_id=1190","title":{"rendered":"kurs2stopien"},"content":{"rendered":"\t\t<div data-elementor-type=\"wp-page\" data-elementor-id=\"1190\" class=\"elementor elementor-1190\" data-elementor-settings=\"{&quot;ha_cmc_init_switcher&quot;:&quot;no&quot;}\">\n\t\t\t\t<div class=\"elementor-element elementor-element-1db9ec5 e-con-full e-flex e-con e-parent\" data-id=\"1db9ec5\" data-element_type=\"container\" data-e-type=\"container\" data-settings=\"{&quot;background_background&quot;:&quot;classic&quot;,&quot;_ha_eqh_enable&quot;:false}\">\n\t\t<div class=\"elementor-element elementor-element-ca75ae3 e-con-full e-flex e-con e-child\" data-id=\"ca75ae3\" data-element_type=\"container\" data-e-type=\"container\" data-settings=\"{&quot;_ha_eqh_enable&quot;:false}\">\n\t\t\t\t<div class=\"elementor-element elementor-element-1ad2239 elementor-widget elementor-widget-heading\" data-id=\"1ad2239\" data-element_type=\"widget\" data-e-type=\"widget\" data-widget_type=\"heading.default\">\n\t\t\t\t<div class=\"elementor-widget-container\">\n\t\t\t\t\t<h2 class=\"elementor-heading-title elementor-size-default\">FUNDACJA HARMONIA<\/h2>\t\t\t\t<\/div>\n\t\t\t\t<\/div>\n\t\t\t\t<div class=\"elementor-element elementor-element-1b17e39 elementor-widget elementor-widget-heading\" data-id=\"1b17e39\" data-element_type=\"widget\" data-e-type=\"widget\" data-widget_type=\"heading.default\">\n\t\t\t\t<div class=\"elementor-widget-container\">\n\t\t\t\t\t<h2 class=\"elementor-heading-title elementor-size-default\">Sztuka edukuje, inspiruje, \u0142\u0105czy.<\/h2>\t\t\t\t<\/div>\n\t\t\t\t<\/div>\n\t\t\t\t<div class=\"elementor-element elementor-element-470f4a8 elementor-widget elementor-widget-heading\" data-id=\"470f4a8\" data-element_type=\"widget\" data-e-type=\"widget\" data-widget_type=\"heading.default\">\n\t\t\t\t<div class=\"elementor-widget-container\">\n\t\t\t\t\t<h2 class=\"elementor-heading-title elementor-size-default\">Do\u0142\u0105cz do nas i tw\u00f3rz przysz\u0142o\u015b\u0107!<\/h2>\t\t\t\t<\/div>\n\t\t\t\t<\/div>\n\t\t\t\t<\/div>\n\t\t<div class=\"elementor-element elementor-element-986ba38 e-con-full e-flex e-con e-child\" data-id=\"986ba38\" data-element_type=\"container\" data-e-type=\"container\" data-settings=\"{&quot;background_background&quot;:&quot;classic&quot;,&quot;_ha_eqh_enable&quot;:false}\">\n\t\t\t\t<div class=\"elementor-element elementor-element-ff9ff84 elementor-widget elementor-widget-heading\" data-id=\"ff9ff84\" data-element_type=\"widget\" data-e-type=\"widget\" data-widget_type=\"heading.default\">\n\t\t\t\t<div class=\"elementor-widget-container\">\n\t\t\t\t\t<h2 class=\"elementor-heading-title elementor-size-default\">KURS PRZYGOTOWAWCZY II STOPNIA<\/h2>\t\t\t\t<\/div>\n\t\t\t\t<\/div>\n\t\t\t\t<\/div>\n\t\t\t\t<\/div>\n\t\t<div class=\"elementor-element elementor-element-5ba5d27 e-flex e-con-boxed e-con e-parent\" data-id=\"5ba5d27\" data-element_type=\"container\" data-e-type=\"container\" data-settings=\"{&quot;background_background&quot;:&quot;classic&quot;,&quot;_ha_eqh_enable&quot;:false}\">\n\t\t\t\t\t<div class=\"e-con-inner\">\n\t\t\t\t<div class=\"elementor-element elementor-element-2d49f0e elementor-widget elementor-widget-heading\" data-id=\"2d49f0e\" data-element_type=\"widget\" data-e-type=\"widget\" data-widget_type=\"heading.default\">\n\t\t\t\t<div class=\"elementor-widget-container\">\n\t\t\t\t\t<h2 class=\"elementor-heading-title elementor-size-default\">Kurs przygotowuj\u0105cy do egzamin\u00f3w do szko\u0142y muzycznej II stopnia <\/h2>\t\t\t\t<\/div>\n\t\t\t\t<\/div>\n\t\t\t\t<div class=\"elementor-element elementor-element-761c07b elementor-widget elementor-widget-text-editor\" data-id=\"761c07b\" data-element_type=\"widget\" data-e-type=\"widget\" data-widget_type=\"text-editor.default\">\n\t\t\t\t<div class=\"elementor-widget-container\">\n\t\t\t\t\t\t\t\t\t<p>Fundacja Harmonia im. G. Bacewicz organizuje kurs przygotowuj\u0105cy do<br \/>egzamin\u00f3w wst\u0119pnych do szko\u0142y muzycznej II stopnia.<\/p>\t\t\t\t\t\t\t\t<\/div>\n\t\t\t\t<\/div>\n\t\t\t\t<div class=\"elementor-element elementor-element-4b8f166 elementor-widget elementor-widget-text-editor\" data-id=\"4b8f166\" data-element_type=\"widget\" data-e-type=\"widget\" data-widget_type=\"text-editor.default\">\n\t\t\t\t<div class=\"elementor-widget-container\">\n\t\t\t\t\t\t\t\t\t<p>Zakres kursu obejmuje:<br \/>&#8211; kszta\u0142cenie s\u0142uchu,<br \/>&#8211; zagadnienia z zakresu teorii muzyki.<\/p><p><br \/>Terminy zaj\u0119\u0107 (poniedzia\u0142ki, godz. 17:00\u201318:30):<br \/>&#8211; 13. 04. 26<br \/>&#8211; 20. 04. 26<br \/>&#8211; 27. 04. 26<br \/>&#8211; 04. 05. 26<br \/>&#8211; 11. 05. 26<br \/>&#8211; 18. 05. 26<\/p>\t\t\t\t\t\t\t\t<\/div>\n\t\t\t\t<\/div>\n\t\t\t\t<div class=\"elementor-element elementor-element-e2bddab elementor-widget elementor-widget-text-editor\" data-id=\"e2bddab\" data-element_type=\"widget\" data-e-type=\"widget\" data-widget_type=\"text-editor.default\">\n\t\t\t\t<div class=\"elementor-widget-container\">\n\t\t\t\t\t\t\t\t\t<p>Cena kursu: 350z\u0142<br \/>Miejsce kursu: Szko\u0142a Podstawowa nr 63, ul. P\u0142ocka 30, Warszawa<\/p>\t\t\t\t\t\t\t\t<\/div>\n\t\t\t\t<\/div>\n\t\t\t\t<div class=\"elementor-element elementor-element-25a6b77 elementor-align-center elementor-widget elementor-widget-button\" data-id=\"25a6b77\" data-element_type=\"widget\" data-e-type=\"widget\" data-widget_type=\"button.default\">\n\t\t\t\t<div class=\"elementor-widget-container\">\n\t\t\t\t\t\t\t\t\t<div class=\"elementor-button-wrapper\">\n\t\t\t\t\t<a class=\"elementor-button elementor-button-link elementor-size-sm\" href=\"http:\/\/fundacja-harmonia.pl\/wp-content\/uploads\/2026\/03\/FORMULARZ-ZGLOSZENIOWY-Kurs-II-stopien-.pdf\">\n\t\t\t\t\t\t<span class=\"elementor-button-content-wrapper\">\n\t\t\t\t\t\t\t\t\t<span class=\"elementor-button-text\">Formularz zg\u0142oszeniowy<\/span>\n\t\t\t\t\t<\/span>\n\t\t\t\t\t<\/a>\n\t\t\t\t<\/div>\n\t\t\t\t\t\t\t\t<\/div>\n\t\t\t\t<\/div>\n\t\t\t\t<div class=\"elementor-element elementor-element-3cedb5b elementor-widget elementor-widget-text-editor\" data-id=\"3cedb5b\" data-element_type=\"widget\" data-e-type=\"widget\" data-widget_type=\"text-editor.default\">\n\t\t\t\t<div class=\"elementor-widget-container\">\n\t\t\t\t\t\t\t\t\t<p>Pobierz formularz zg\u0142oszeniowy.<br \/>Wype\u0142niony dokument prze\u015blij w formie skanu na adres e-mail Fundacji Harmonia.<\/p><p><strong>Wp\u0142aty na konto 06 1240 6292 1111 0000 5019 8379<\/strong><\/p><p><br \/><a href=\"mailto:m.kossakowska@fundacja-harmonia.pl\">m.kossakowska@fundacja-harmonia.pl<\/a><\/p>\t\t\t\t\t\t\t\t<\/div>\n\t\t\t\t<\/div>\n\t\t\t\t\t<\/div>\n\t\t\t\t<\/div>\n\t\t\t\t<\/div>\n\t\t","protected":false},"excerpt":{"rendered":"<p>FUNDACJA HARMONIA Sztuka edukuje, inspiruje, \u0142\u0105czy. Do\u0142\u0105cz do nas i tw\u00f3rz przysz\u0142o\u015b\u0107! KURS PRZYGOTOWAWCZY II STOPNIA Kurs przygotowuj\u0105cy do egzamin\u00f3w do szko\u0142y muzycznej II stopnia Fundacja Harmonia im. G. Bacewicz organizuje kurs przygotowuj\u0105cy doegzamin\u00f3w wst\u0119pnych do szko\u0142y muzycznej II stopnia. Zakres kursu obejmuje:&#8211; kszta\u0142cenie s\u0142uchu,&#8211; zagadnienia z zakresu teorii muzyki. Terminy zaj\u0119\u0107 (poniedzia\u0142ki, godz. 17:00\u201318:30):&#8211; [&hellip;]<\/p>\n","protected":false},"author":3,"featured_media":0,"parent":0,"menu_order":0,"comment_status":"closed","ping_status":"closed","template":"elementor_canvas","meta":{"footnotes":""},"folder":[9],"class_list":["post-1190","page","type-page","status-publish","hentry"],"_links":{"self":[{"href":"http:\/\/fundacja-harmonia.pl\/index.php?rest_route=\/wp\/v2\/pages\/1190","targetHints":{"allow":["GET"]}}],"collection":[{"href":"http:\/\/fundacja-harmonia.pl\/index.php?rest_route=\/wp\/v2\/pages"}],"about":[{"href":"http:\/\/fundacja-harmonia.pl\/index.php?rest_route=\/wp\/v2\/types\/page"}],"author":[{"embeddable":true,"href":"http:\/\/fundacja-harmonia.pl\/index.php?rest_route=\/wp\/v2\/users\/3"}],"replies":[{"embeddable":true,"href":"http:\/\/fundacja-harmonia.pl\/index.php?rest_route=%2Fwp%2Fv2%2Fcomments&post=1190"}],"version-history":[{"count":40,"href":"http:\/\/fundacja-harmonia.pl\/index.php?rest_route=\/wp\/v2\/pages\/1190\/revisions"}],"predecessor-version":[{"id":1569,"href":"http:\/\/fundacja-harmonia.pl\/index.php?rest_route=\/wp\/v2\/pages\/1190\/revisions\/1569"}],"wp:attachment":[{"href":"http:\/\/fundacja-harmonia.pl\/index.php?rest_route=%2Fwp%2Fv2%2Fmedia&parent=1190"}],"wp:term":[{"taxonomy":"folder","embeddable":true,"href":"http:\/\/fundacja-harmonia.pl\/index.php?rest_route=%2Fwp%2Fv2%2Ffolder&post=1190"}],"curies":[{"name":"wp","href":"https:\/\/api.w.org\/{rel}","templated":true}]}}